{"id":920,"date":"2024-11-05T15:49:20","date_gmt":"2024-11-05T15:49:20","guid":{"rendered":"https:\/\/sagaert.live-website.com\/?page_id=920"},"modified":"2024-12-13T08:00:25","modified_gmt":"2024-12-13T08:00:25","slug":"couture-a-tres-haute-resistance","status":"publish","type":"page","link":"https:\/\/sagaert.com\/fr\/textile\/confection\/couture-a-tres-haute-resistance\/","title":{"rendered":"Couture \u00e0 tr\u00e8s haute r\u00e9sistance"},"content":{"rendered":"","protected":false},"excerpt":{"rendered":"","protected":false},"author":1,"featured_media":0,"parent":216,"menu_order":0,"comment_status":"closed","ping_status":"closed","template":"","meta":{"footnotes":""},"class_list":["post-920","page","type-page","status-publish","hentry"],"_links":{"self":[{"href":"https:\/\/sagaert.com\/fr\/wp-json\/wp\/v2\/pages\/920","targetHints":{"allow":["GET"]}}],"collection":[{"href":"https:\/\/sagaert.com\/fr\/wp-json\/wp\/v2\/pages"}],"about":[{"href":"https:\/\/sagaert.com\/fr\/wp-json\/wp\/v2\/types\/page"}],"author":[{"embeddable":true,"href":"https:\/\/sagaert.com\/fr\/wp-json\/wp\/v2\/users\/1"}],"replies":[{"embeddable":true,"href":"https:\/\/sagaert.com\/fr\/wp-json\/wp\/v2\/comments?post=920"}],"version-history":[{"count":0,"href":"https:\/\/sagaert.com\/fr\/wp-json\/wp\/v2\/pages\/920\/revisions"}],"up":[{"embeddable":true,"href":"https:\/\/sagaert.com\/fr\/wp-json\/wp\/v2\/pages\/216"}],"wp:attachment":[{"href":"https:\/\/sagaert.com\/fr\/wp-json\/wp\/v2\/media?parent=920"}],"curies":[{"name":"wp","href":"https:\/\/api.w.org\/{rel}","templated":true}]}}