{"id":483,"date":"2024-10-09T05:49:10","date_gmt":"2024-10-09T05:49:10","guid":{"rendered":"https:\/\/sagaert.live-website.com\/?page_id=483"},"modified":"2025-09-17T12:50:18","modified_gmt":"2025-09-17T12:50:18","slug":"elastique-retro-reflechissant","status":"publish","type":"page","link":"https:\/\/sagaert.com\/fr\/textile\/elastiques\/elastique-retro-reflechissant\/","title":{"rendered":"Elastique r\u00e9tro-r\u00e9fl\u00e9chissant"},"content":{"rendered":"","protected":false},"excerpt":{"rendered":"","protected":false},"author":1,"featured_media":0,"parent":127,"menu_order":0,"comment_status":"closed","ping_status":"closed","template":"","meta":{"footnotes":""},"class_list":["post-483","page","type-page","status-publish","hentry"],"_links":{"self":[{"href":"https:\/\/sagaert.com\/fr\/wp-json\/wp\/v2\/pages\/483","targetHints":{"allow":["GET"]}}],"collection":[{"href":"https:\/\/sagaert.com\/fr\/wp-json\/wp\/v2\/pages"}],"about":[{"href":"https:\/\/sagaert.com\/fr\/wp-json\/wp\/v2\/types\/page"}],"author":[{"embeddable":true,"href":"https:\/\/sagaert.com\/fr\/wp-json\/wp\/v2\/users\/1"}],"replies":[{"embeddable":true,"href":"https:\/\/sagaert.com\/fr\/wp-json\/wp\/v2\/comments?post=483"}],"version-history":[{"count":0,"href":"https:\/\/sagaert.com\/fr\/wp-json\/wp\/v2\/pages\/483\/revisions"}],"up":[{"embeddable":true,"href":"https:\/\/sagaert.com\/fr\/wp-json\/wp\/v2\/pages\/127"}],"wp:attachment":[{"href":"https:\/\/sagaert.com\/fr\/wp-json\/wp\/v2\/media?parent=483"}],"curies":[{"name":"wp","href":"https:\/\/api.w.org\/{rel}","templated":true}]}}