{"id":431,"date":"2024-10-08T09:44:24","date_gmt":"2024-10-08T09:44:24","guid":{"rendered":"https:\/\/sagaert.live-website.com\/?page_id=431"},"modified":"2025-07-07T14:44:42","modified_gmt":"2025-07-07T14:44:42","slug":"elastique-accordeon-tres-haute-resistance","status":"publish","type":"page","link":"https:\/\/sagaert.com\/fr\/textile\/elastiques\/elastique-accordeon-tres-haute-resistance\/","title":{"rendered":"Elastique accord\u00e9on tr\u00e8s haute r\u00e9sistance"},"content":{"rendered":"","protected":false},"excerpt":{"rendered":"","protected":false},"author":1,"featured_media":0,"parent":127,"menu_order":0,"comment_status":"closed","ping_status":"closed","template":"","meta":{"footnotes":""},"class_list":["post-431","page","type-page","status-publish","hentry"],"_links":{"self":[{"href":"https:\/\/sagaert.com\/fr\/wp-json\/wp\/v2\/pages\/431","targetHints":{"allow":["GET"]}}],"collection":[{"href":"https:\/\/sagaert.com\/fr\/wp-json\/wp\/v2\/pages"}],"about":[{"href":"https:\/\/sagaert.com\/fr\/wp-json\/wp\/v2\/types\/page"}],"author":[{"embeddable":true,"href":"https:\/\/sagaert.com\/fr\/wp-json\/wp\/v2\/users\/1"}],"replies":[{"embeddable":true,"href":"https:\/\/sagaert.com\/fr\/wp-json\/wp\/v2\/comments?post=431"}],"version-history":[{"count":0,"href":"https:\/\/sagaert.com\/fr\/wp-json\/wp\/v2\/pages\/431\/revisions"}],"up":[{"embeddable":true,"href":"https:\/\/sagaert.com\/fr\/wp-json\/wp\/v2\/pages\/127"}],"wp:attachment":[{"href":"https:\/\/sagaert.com\/fr\/wp-json\/wp\/v2\/media?parent=431"}],"curies":[{"name":"wp","href":"https:\/\/api.w.org\/{rel}","templated":true}]}}