{"id":2672,"date":"2025-02-13T14:03:34","date_gmt":"2025-02-13T14:03:34","guid":{"rendered":"https:\/\/sagaert.com\/?page_id=2672"},"modified":"2025-09-05T09:13:30","modified_gmt":"2025-09-05T09:13:30","slug":"chassis-de-vehicule-speciaux","status":"publish","type":"page","link":"https:\/\/sagaert.com\/fr\/metal\/travail-du-tube\/chassis-de-vehicule-speciaux\/","title":{"rendered":"Ch\u00e2ssis de v\u00e9hicule sp\u00e9ciaux"},"content":{"rendered":"","protected":false},"excerpt":{"rendered":"","protected":false},"author":1,"featured_media":0,"parent":155,"menu_order":0,"comment_status":"closed","ping_status":"closed","template":"","meta":{"footnotes":""},"class_list":["post-2672","page","type-page","status-publish","hentry"],"_links":{"self":[{"href":"https:\/\/sagaert.com\/fr\/wp-json\/wp\/v2\/pages\/2672","targetHints":{"allow":["GET"]}}],"collection":[{"href":"https:\/\/sagaert.com\/fr\/wp-json\/wp\/v2\/pages"}],"about":[{"href":"https:\/\/sagaert.com\/fr\/wp-json\/wp\/v2\/types\/page"}],"author":[{"embeddable":true,"href":"https:\/\/sagaert.com\/fr\/wp-json\/wp\/v2\/users\/1"}],"replies":[{"embeddable":true,"href":"https:\/\/sagaert.com\/fr\/wp-json\/wp\/v2\/comments?post=2672"}],"version-history":[{"count":0,"href":"https:\/\/sagaert.com\/fr\/wp-json\/wp\/v2\/pages\/2672\/revisions"}],"up":[{"embeddable":true,"href":"https:\/\/sagaert.com\/fr\/wp-json\/wp\/v2\/pages\/155"}],"wp:attachment":[{"href":"https:\/\/sagaert.com\/fr\/wp-json\/wp\/v2\/media?parent=2672"}],"curies":[{"name":"wp","href":"https:\/\/api.w.org\/{rel}","templated":true}]}}