{"id":2147,"date":"2024-12-19T14:36:55","date_gmt":"2024-12-19T14:36:55","guid":{"rendered":"https:\/\/sagaert.com\/?page_id=2147"},"modified":"2025-10-07T15:34:47","modified_gmt":"2025-10-07T15:34:47","slug":"plastique-electromenager","status":"publish","type":"page","link":"https:\/\/sagaert.com\/fr\/plastique\/injection\/plastique-electromenager\/","title":{"rendered":"Plastique \u00e9l\u00e9ctrom\u00e9nager"},"content":{"rendered":"","protected":false},"excerpt":{"rendered":"","protected":false},"author":1,"featured_media":0,"parent":237,"menu_order":0,"comment_status":"closed","ping_status":"closed","template":"","meta":{"footnotes":""},"class_list":["post-2147","page","type-page","status-publish","hentry"],"_links":{"self":[{"href":"https:\/\/sagaert.com\/fr\/wp-json\/wp\/v2\/pages\/2147","targetHints":{"allow":["GET"]}}],"collection":[{"href":"https:\/\/sagaert.com\/fr\/wp-json\/wp\/v2\/pages"}],"about":[{"href":"https:\/\/sagaert.com\/fr\/wp-json\/wp\/v2\/types\/page"}],"author":[{"embeddable":true,"href":"https:\/\/sagaert.com\/fr\/wp-json\/wp\/v2\/users\/1"}],"replies":[{"embeddable":true,"href":"https:\/\/sagaert.com\/fr\/wp-json\/wp\/v2\/comments?post=2147"}],"version-history":[{"count":0,"href":"https:\/\/sagaert.com\/fr\/wp-json\/wp\/v2\/pages\/2147\/revisions"}],"up":[{"embeddable":true,"href":"https:\/\/sagaert.com\/fr\/wp-json\/wp\/v2\/pages\/237"}],"wp:attachment":[{"href":"https:\/\/sagaert.com\/fr\/wp-json\/wp\/v2\/media?parent=2147"}],"curies":[{"name":"wp","href":"https:\/\/api.w.org\/{rel}","templated":true}]}}