{"id":3613,"date":"2025-04-03T12:19:37","date_gmt":"2025-04-03T12:19:37","guid":{"rendered":"https:\/\/sagaert.com\/formstuecke-mit-schweissnaehten\/"},"modified":"2025-06-06T17:10:39","modified_gmt":"2025-06-06T17:10:39","slug":"formstuecke-mit-schweissnaehten","status":"publish","type":"page","link":"https:\/\/sagaert.com\/de\/metall\/draehte-federn\/formstuecke-aus-metalldraht\/formstuecke-mit-schweissnaehten\/","title":{"rendered":"Formst\u00fccke mit Schwei\u00dfn\u00e4hten"},"content":{"rendered":"","protected":false},"excerpt":{"rendered":"","protected":false},"author":1,"featured_media":0,"parent":3787,"menu_order":0,"comment_status":"closed","ping_status":"closed","template":"","meta":{"footnotes":""},"class_list":["post-3613","page","type-page","status-publish","hentry"],"_links":{"self":[{"href":"https:\/\/sagaert.com\/de\/wp-json\/wp\/v2\/pages\/3613","targetHints":{"allow":["GET"]}}],"collection":[{"href":"https:\/\/sagaert.com\/de\/wp-json\/wp\/v2\/pages"}],"about":[{"href":"https:\/\/sagaert.com\/de\/wp-json\/wp\/v2\/types\/page"}],"author":[{"embeddable":true,"href":"https:\/\/sagaert.com\/de\/wp-json\/wp\/v2\/users\/1"}],"replies":[{"embeddable":true,"href":"https:\/\/sagaert.com\/de\/wp-json\/wp\/v2\/comments?post=3613"}],"version-history":[{"count":0,"href":"https:\/\/sagaert.com\/de\/wp-json\/wp\/v2\/pages\/3613\/revisions"}],"up":[{"embeddable":true,"href":"https:\/\/sagaert.com\/de\/wp-json\/wp\/v2\/pages\/3787"}],"wp:attachment":[{"href":"https:\/\/sagaert.com\/de\/wp-json\/wp\/v2\/media?parent=3613"}],"curies":[{"name":"wp","href":"https:\/\/api.w.org\/{rel}","templated":true}]}}